{"id":397,"date":"2024-05-25T10:49:52","date_gmt":"2024-05-25T03:49:52","guid":{"rendered":"http:\/\/vongquaymayman.loc\/?page_id=397"},"modified":"2026-04-16T15:19:04","modified_gmt":"2026-04-16T08:19:04","slug":"gallery","status":"publish","type":"page","link":"https:\/\/tienichhay.net\/vong-quay\/gallery\/","title":{"rendered":"B\u1ed9 s\u01b0u t\u1eadp"},"content":{"rendered":"<style> \/* wheel *\/ .link-item svg{ width: 16px; height: 16px; } .link-item .link-wheel{ min-height: 200px; } .wheel-wrap{ display: block; width: fit-content; height: fit-content; aspect-ratio: 1; margin: 0 auto; position: relative; overflow: hidden; border-radius: 50%; box-shadow: 0px 0px 5px 0px rgba(0,0,0,0.75); -webkit-box-shadow: 0px 0px 5px 0px rgba(0,0,0,0.75); -moz-box-shadow: 0px 0px 5px 0px rgba(0,0,0,0.75); } .spin { font-family: sans-serif; font-size: clamp(0.6em, 0.8em, 1em); text-wrap: pretty; user-select: none; display: flex; justify-content: center; align-items: center; position: absolute; top: 50%; left: 50%; width: 20%; height: 20%; margin: -10%; background-color: #c82254; background-position: center center; background-repeat: no-repeat; background-size: cover; color: #fff; \/*box-shadow: 0 0 0 8px currentColor, 0 0px 15px 5px rgba(0, 0, 0, 0.6);*\/ box-shadow: 0 0 0 8px #fff, 0 0px 15px 5px rgba(0, 0, 0, 0.6); border-radius: 50%; transition: 0.1s; padding: 2px; } .spin:after { content: \"\"; position: absolute; top: -17px; left: 50%; transform: translateX(-50%); border: 10px solid transparent; border-bottom-color: #fff; \/* \/\/currentColor; *\/ border-top: none; } .link-wheel{ cursor: pointer; } <\/style> <div class=\"container-fluid\"> <h1 class=\"h2 mb-3\">B\u1ed9 s\u01b0u t\u1eadp chia s\u1ebb c\u00f4ng khai <\/h1> <div class=\"input-group mb-3\"> <input type=\"hidden\" id=\"by\" value=\"0\"> <input type=\"hidden\" id=\"page\" value=\"1\"> <input type=\"hidden\" id=\"totalPage\" value=\"1\"> <input type=\"hidden\" id=\"type\" value=\"vqmm\"> <input type=\"text\" class=\"form-control\" placeholder=\"Nh\u1eadp t\u1eeb kho\u00e1 t\u00ecm ki\u1ebfm\" aria-label=\"T\u00ecm ki\u1ebfm\" id=\"keyword\" aria-describedby=\"btn-search\"> <button class=\"btn btn-primary\" type=\"button\" id=\"btn-search\">T\u00ecm ki\u1ebfm<\/button> <\/div> <div class=\"d-flex mb-3\"> <span>S\u1eafp x\u1ebfp:<\/span> <div class=\"form-check form-check-inline ms-1\"> <input class=\"form-check-input\" type=\"radio\" name=\"order_by\" id=\"order_by_1\" value=\"1\" checked > <label class=\"form-check-label\" for=\"order_by_1\">M\u1edbi nh\u1ea5t<\/label> <\/div> <div class=\"form-check form-check-inline\"> <input class=\"form-check-input\" type=\"radio\" name=\"order_by\" id=\"order_by_2\" value=\"2\"> <label class=\"form-check-label\" for=\"order_by_2\">Xem nhi\u1ec1u<\/label> <\/div> <\/div> <p class=\"alert alert-info\">H\u00e3y v\u00e0o <a href=\"https:\/\/tienichhay.net\/vong-quay\/\">V\u00f2ng quay may m\u1eafn<\/a> \u00bb <strong>Chia s\u1ebb<\/strong> \u0111\u1ec3 t\u1ef1 t\u1ea1o <strong>v\u00f2ng quay may m\u1eafn<\/strong> c\u1ee7a ri\u00eang b\u1ea1n.<\/p> <div class=\"row\" id=\"list-sharelink\">  <div class=\"p-3\"> <div class=\"spinner-border text-primary\" role=\"status\"> <span class=\"visually-hidden\">Loading...<\/span> <\/div> <\/div> <\/div> <div class=\"navlink\" id=\"navigationLink\"><\/div> <\/div> <div class=\"modal\" id=\"myModal\" tabindex=\"-1\"> <div class=\"modal-dialog modal-dialog-centered modal-dialog-scrollable\" id=\"modal-dialog\"> <div class=\"modal-content\" id=\"modal-content\"> <div class=\"modal-header\" id=\"modal-header\"> <h5 class=\"modal-title\" id=\"modal-title\"><\/h5> <button type=\"button\" id=\"modal-close\" class=\"btn-close\" data-bs-dismiss=\"modal\" aria-label=\"Close\"><\/button> <\/div> <div class=\"modal-body py-3\" id=\"modal-body\"> <\/div> <div class=\"modal-footer\" id=\"modal-footer\"><\/div> <\/div> <\/div> <\/div>\n","protected":false},"excerpt":{"rendered":"","protected":false},"author":1,"featured_media":0,"parent":0,"menu_order":0,"comment_status":"closed","ping_status":"closed","template":"fullwidth","meta":{"_acf_changed":false,"footnotes":""},"class_list":["post-397","page","type-page","status-publish","hentry"],"acf":[],"yoast_head":"<!-- This site is optimized with the Yoast SEO Premium plugin v22.9 (Yoast SEO v27.1.1) - https:\/\/yoast.com\/product\/yoast-seo-premium-wordpress\/ -->\n<title>B\u1ed9 s\u01b0u t\u1eadp - V\u00f2ng Quay May M\u1eafn<\/title>\n<meta name=\"robots\" content=\"index, follow, max-snippet:-1, max-image-preview:large, max-video-preview:-1\" \/>\n<link rel=\"canonical\" href=\"https:\/\/tienichhay.net\/vong-quay\/gallery\/\" \/>\n<meta property=\"og:locale\" content=\"vi_VN\" \/>\n<meta property=\"og:type\" content=\"article\" \/>\n<meta property=\"og:title\" content=\"B\u1ed9 s\u01b0u t\u1eadp\" \/>\n<meta property=\"og:url\" content=\"https:\/\/tienichhay.net\/vong-quay\/gallery\/\" \/>\n<meta property=\"og:site_name\" content=\"V\u00f2ng Quay May M\u1eafn\" \/>\n<meta property=\"article:publisher\" content=\"https:\/\/web.facebook.com\/tienichhay.net\/\" \/>\n<meta property=\"article:modified_time\" content=\"2026-04-16T08:19:04+00:00\" \/>\n<meta property=\"og:image\" content=\"https:\/\/tienichhay.net\/vong-quay\/wp-content\/uploads\/2026\/03\/vong-quay-may-man.jpg\" \/>\n\t<meta property=\"og:image:width\" content=\"1409\" \/>\n\t<meta property=\"og:image:height\" content=\"736\" \/>\n\t<meta property=\"og:image:type\" content=\"image\/jpeg\" \/>\n<meta name=\"twitter:card\" content=\"summary_large_image\" \/>\n<meta name=\"twitter:label1\" content=\"\u01af\u1edbc t\u00ednh th\u1eddi gian \u0111\u1ecdc\" \/>\n\t<meta name=\"twitter:data1\" content=\"1 ph\u00fat\" \/>\n<script type=\"application\/ld+json\" class=\"yoast-schema-graph\">{\"@context\":\"https:\/\/schema.org\",\"@graph\":[{\"@type\":\"WebPage\",\"@id\":\"https:\/\/tienichhay.net\/vong-quay\/gallery\/\",\"url\":\"https:\/\/tienichhay.net\/vong-quay\/gallery\/\",\"name\":\"B\u1ed9 s\u01b0u t\u1eadp - V\u00f2ng Quay May M\u1eafn\",\"isPartOf\":{\"@id\":\"https:\/\/tienichhay.net\/vong-quay\/#website\"},\"datePublished\":\"2024-05-25T03:49:52+00:00\",\"dateModified\":\"2026-04-16T08:19:04+00:00\",\"breadcrumb\":{\"@id\":\"https:\/\/tienichhay.net\/vong-quay\/gallery\/#breadcrumb\"},\"inLanguage\":\"vi\",\"potentialAction\":[{\"@type\":\"ReadAction\",\"target\":[\"https:\/\/tienichhay.net\/vong-quay\/gallery\/\"]}]},{\"@type\":\"BreadcrumbList\",\"@id\":\"https:\/\/tienichhay.net\/vong-quay\/gallery\/#breadcrumb\",\"itemListElement\":[{\"@type\":\"ListItem\",\"position\":1,\"name\":\"Trang ch\u1ee7\",\"item\":\"https:\/\/tienichhay.net\/vong-quay\/\"},{\"@type\":\"ListItem\",\"position\":2,\"name\":\"B\u1ed9 s\u01b0u t\u1eadp\"}]},{\"@type\":\"WebSite\",\"@id\":\"https:\/\/tienichhay.net\/vong-quay\/#website\",\"url\":\"https:\/\/tienichhay.net\/vong-quay\/\",\"name\":\"V\u00f2ng Quay May M\u1eafn\",\"description\":\"\",\"publisher\":{\"@id\":\"https:\/\/tienichhay.net\/vong-quay\/#organization\"},\"potentialAction\":[{\"@type\":\"SearchAction\",\"target\":{\"@type\":\"EntryPoint\",\"urlTemplate\":\"https:\/\/tienichhay.net\/vong-quay\/?s={search_term_string}\"},\"query-input\":{\"@type\":\"PropertyValueSpecification\",\"valueRequired\":true,\"valueName\":\"search_term_string\"}}],\"inLanguage\":\"vi\"},{\"@type\":\"Organization\",\"@id\":\"https:\/\/tienichhay.net\/vong-quay\/#organization\",\"name\":\"V\u00f2ng Quay May M\u1eafn\",\"url\":\"https:\/\/tienichhay.net\/vong-quay\/\",\"logo\":{\"@type\":\"ImageObject\",\"inLanguage\":\"vi\",\"@id\":\"https:\/\/tienichhay.net\/vong-quay\/#\/schema\/logo\/image\/\",\"url\":\"https:\/\/tienichhay.net\/vong-quay\/wp-content\/uploads\/2026\/03\/logo-500.png\",\"contentUrl\":\"https:\/\/tienichhay.net\/vong-quay\/wp-content\/uploads\/2026\/03\/logo-500.png\",\"width\":512,\"height\":512,\"caption\":\"V\u00f2ng Quay May M\u1eafn\"},\"image\":{\"@id\":\"https:\/\/tienichhay.net\/vong-quay\/#\/schema\/logo\/image\/\"},\"sameAs\":[\"https:\/\/web.facebook.com\/tienichhay.net\/\",\"https:\/\/www.youtube.com\/@tienichhaynet\"],\"description\":\"\u0110\u00e2y l\u00e0 ti\u1ec7n \u00edch v\u00f2ng quay may m\u1eafn - m\u1ed9t ti\u1ec7n \u00edch trong h\u00e0ng tr\u0103m ti\u1ec7n \u00edch kh\u00e1c t\u1ea1i https:\/\/tienichhay.net, ti\u1ec7n \u00edch n\u00e0y cho ph\u00e9p ng\u01b0\u1eddi d\u00f9ng t\u1ea1o ra c\u00e1c mini game v\u00f2ng quay c\u1ee7a ri\u00eang m\u00ecnh.\"}]}<\/script>\n<!-- \/ Yoast SEO Premium plugin. -->","yoast_head_json":{"title":"B\u1ed9 s\u01b0u t\u1eadp - V\u00f2ng Quay May M\u1eafn","robots":{"index":"index","follow":"follow","max-snippet":"max-snippet:-1","max-image-preview":"max-image-preview:large","max-video-preview":"max-video-preview:-1"},"canonical":"https:\/\/tienichhay.net\/vong-quay\/gallery\/","og_locale":"vi_VN","og_type":"article","og_title":"B\u1ed9 s\u01b0u t\u1eadp","og_url":"https:\/\/tienichhay.net\/vong-quay\/gallery\/","og_site_name":"V\u00f2ng Quay May M\u1eafn","article_publisher":"https:\/\/web.facebook.com\/tienichhay.net\/","article_modified_time":"2026-04-16T08:19:04+00:00","og_image":[{"width":1409,"height":736,"url":"https:\/\/tienichhay.net\/vong-quay\/wp-content\/uploads\/2026\/03\/vong-quay-may-man.jpg","type":"image\/jpeg"}],"twitter_card":"summary_large_image","twitter_misc":{"\u01af\u1edbc t\u00ednh th\u1eddi gian \u0111\u1ecdc":"1 ph\u00fat"},"schema":{"@context":"https:\/\/schema.org","@graph":[{"@type":"WebPage","@id":"https:\/\/tienichhay.net\/vong-quay\/gallery\/","url":"https:\/\/tienichhay.net\/vong-quay\/gallery\/","name":"B\u1ed9 s\u01b0u t\u1eadp - V\u00f2ng Quay May M\u1eafn","isPartOf":{"@id":"https:\/\/tienichhay.net\/vong-quay\/#website"},"datePublished":"2024-05-25T03:49:52+00:00","dateModified":"2026-04-16T08:19:04+00:00","breadcrumb":{"@id":"https:\/\/tienichhay.net\/vong-quay\/gallery\/#breadcrumb"},"inLanguage":"vi","potentialAction":[{"@type":"ReadAction","target":["https:\/\/tienichhay.net\/vong-quay\/gallery\/"]}]},{"@type":"BreadcrumbList","@id":"https:\/\/tienichhay.net\/vong-quay\/gallery\/#breadcrumb","itemListElement":[{"@type":"ListItem","position":1,"name":"Trang ch\u1ee7","item":"https:\/\/tienichhay.net\/vong-quay\/"},{"@type":"ListItem","position":2,"name":"B\u1ed9 s\u01b0u t\u1eadp"}]},{"@type":"WebSite","@id":"https:\/\/tienichhay.net\/vong-quay\/#website","url":"https:\/\/tienichhay.net\/vong-quay\/","name":"V\u00f2ng Quay May M\u1eafn","description":"","publisher":{"@id":"https:\/\/tienichhay.net\/vong-quay\/#organization"},"potentialAction":[{"@type":"SearchAction","target":{"@type":"EntryPoint","urlTemplate":"https:\/\/tienichhay.net\/vong-quay\/?s={search_term_string}"},"query-input":{"@type":"PropertyValueSpecification","valueRequired":true,"valueName":"search_term_string"}}],"inLanguage":"vi"},{"@type":"Organization","@id":"https:\/\/tienichhay.net\/vong-quay\/#organization","name":"V\u00f2ng Quay May M\u1eafn","url":"https:\/\/tienichhay.net\/vong-quay\/","logo":{"@type":"ImageObject","inLanguage":"vi","@id":"https:\/\/tienichhay.net\/vong-quay\/#\/schema\/logo\/image\/","url":"https:\/\/tienichhay.net\/vong-quay\/wp-content\/uploads\/2026\/03\/logo-500.png","contentUrl":"https:\/\/tienichhay.net\/vong-quay\/wp-content\/uploads\/2026\/03\/logo-500.png","width":512,"height":512,"caption":"V\u00f2ng Quay May M\u1eafn"},"image":{"@id":"https:\/\/tienichhay.net\/vong-quay\/#\/schema\/logo\/image\/"},"sameAs":["https:\/\/web.facebook.com\/tienichhay.net\/","https:\/\/www.youtube.com\/@tienichhaynet"],"description":"\u0110\u00e2y l\u00e0 ti\u1ec7n \u00edch v\u00f2ng quay may m\u1eafn - m\u1ed9t ti\u1ec7n \u00edch trong h\u00e0ng tr\u0103m ti\u1ec7n \u00edch kh\u00e1c t\u1ea1i https:\/\/tienichhay.net, ti\u1ec7n \u00edch n\u00e0y cho ph\u00e9p ng\u01b0\u1eddi d\u00f9ng t\u1ea1o ra c\u00e1c mini game v\u00f2ng quay c\u1ee7a ri\u00eang m\u00ecnh."}]}},"_links":{"self":[{"href":"https:\/\/tienichhay.net\/vong-quay\/wp-json\/wp\/v2\/pages\/397","targetHints":{"allow":["GET"]}}],"collection":[{"href":"https:\/\/tienichhay.net\/vong-quay\/wp-json\/wp\/v2\/pages"}],"about":[{"href":"https:\/\/tienichhay.net\/vong-quay\/wp-json\/wp\/v2\/types\/page"}],"author":[{"embeddable":true,"href":"https:\/\/tienichhay.net\/vong-quay\/wp-json\/wp\/v2\/users\/1"}],"replies":[{"embeddable":true,"href":"https:\/\/tienichhay.net\/vong-quay\/wp-json\/wp\/v2\/comments?post=397"}],"version-history":[{"count":15,"href":"https:\/\/tienichhay.net\/vong-quay\/wp-json\/wp\/v2\/pages\/397\/revisions"}],"predecessor-version":[{"id":841,"href":"https:\/\/tienichhay.net\/vong-quay\/wp-json\/wp\/v2\/pages\/397\/revisions\/841"}],"wp:attachment":[{"href":"https:\/\/tienichhay.net\/vong-quay\/wp-json\/wp\/v2\/media?parent=397"}],"curies":[{"name":"wp","href":"https:\/\/api.w.org\/{rel}","templated":true}]}}